{"id":6,"date":"2018-09-14T09:13:01","date_gmt":"2018-09-14T06:13:01","guid":{"rendered":"http:\/\/orm-tr.com\/test\/iletisim\/"},"modified":"2018-10-17T11:13:12","modified_gmt":"2018-10-17T08:13:12","slug":"%d1%81%d0%b2%d1%8f%d0%b7%d1%8c","status":"publish","type":"page","link":"https:\/\/orm-tr.com\/ru\/%d1%81%d0%b2%d1%8f%d0%b7%d1%8c\/","title":{"rendered":"\u0441\u0432\u044f\u0437\u044c"},"content":{"rendered":"<div class=\"safir-list\">\n<p><strong>\u041f\u0440\u043e\u0434\u0430\u0436\u0438 :<\/strong>\u00a0Adem Kocaman, Onur K\u0131rc\u0131<\/p>\n<p>\u043f\u043e\u0447\u0442\u0430 :\u00a0a.kocaman@orm-tr.com<\/p>\n<p>\u043f\u043e\u0447\u0442\u0430 :\u00a0o.kirci@orm-tr.com<\/p>\n<p>+90 212 243 27 05 \/ 115-117<\/p>\n<\/div>\n<div class=\"safir-list\">\n<p><strong>\u0444\u0438\u043d\u0430\u043d\u0441\u043e\u0432 :<\/strong><\/p>\n<p>Emre Savuran, Kemal Kaya<\/p>\n<p>\u043f\u043e\u0447\u0442\u0430 :\u00a0e.savuran@orm-tr.com<\/p>\n<p>\u043f\u043e\u0447\u0442\u0430 :\u00a0k.kaya@orm-tr.com<\/p>\n<p>+90 212 243 27 05 \/ 119<\/p>\n<\/div>\n<div class=\"safir-list\">\n<p><strong>\u043f\u043e\u043a\u0443\u043f\u043a\u0430 :<\/strong>\u00a0\u015eahin Pek<\/p>\n<p>\u043f\u043e\u0447\u0442\u0430 :\u00a0s.pek@orm-tr.com<\/p>\n<p>+90 212 243 27 05 \/ 118<\/p>\n<\/div>\n<div class=\"safir-list\">\n<p><strong>\u044d\u043a\u0441\u043f\u0435\u0434\u0438\u0446\u0438\u044f :<\/strong>\u00a0Zeynep Ne\u015fe Tan, Hasan Sar\u0131y\u0131ld\u0131z<\/p>\n<p>\u043f\u043e\u0447\u0442\u0430 :\u00a0sevkiyat@orm-tr.com<\/p>\n<p>+90 212 243 27 05 \/ 111 \u2013 112<\/p>\n<\/div>\n<p>&nbsp;<\/p>\n<p>&nbsp;<\/p>\n","protected":false},"excerpt":{"rendered":"<p>\u041f\u0440\u043e\u0434\u0430\u0436\u0438 :\u00a0Adem Kocaman, Onur K\u0131rc\u0131 \u043f\u043e\u0447\u0442\u0430 :\u00a0a.kocaman@orm-tr.com \u043f\u043e\u0447\u0442\u0430 :\u00a0o.kirci@orm-tr.com +90 212 243 27 05 \/ 115-117 \u0444\u0438\u043d\u0430\u043d\u0441\u043e\u0432 : Emre Savuran, Kemal Kaya \u043f\u043e\u0447\u0442\u0430 :\u00a0e.savuran@orm-tr.com \u043f\u043e\u0447\u0442\u0430 :\u00a0k.kaya@orm-tr.com +90 212 243 27 05 \/ 119 \u043f\u043e\u043a\u0443\u043f\u043a\u0430 :\u00a0\u015eahin Pek \u043f\u043e\u0447\u0442\u0430 :\u00a0s.pek@orm-tr.com +90 212 243 27 05 \/ 118 \u044d\u043a\u0441\u043f\u0435\u0434\u0438\u0446\u0438\u044f :\u00a0Zeynep Ne\u015fe Tan, Hasan Sar\u0131y\u0131ld\u0131z \u043f\u043e\u0447\u0442\u0430 :\u00a0sevkiyat@orm-tr.com +90 212 [&hellip;]<\/p>\n","protected":false},"author":1,"featured_media":0,"parent":0,"menu_order":0,"comment_status":"closed","ping_status":"closed","template":"pages\/page-contact.php","meta":[],"_links":{"self":[{"href":"https:\/\/orm-tr.com\/ru\/wp-json\/wp\/v2\/pages\/6"}],"collection":[{"href":"https:\/\/orm-tr.com\/ru\/wp-json\/wp\/v2\/pages"}],"about":[{"href":"https:\/\/orm-tr.com\/ru\/wp-json\/wp\/v2\/types\/page"}],"author":[{"embeddable":true,"href":"https:\/\/orm-tr.com\/ru\/wp-json\/wp\/v2\/users\/1"}],"replies":[{"embeddable":true,"href":"https:\/\/orm-tr.com\/ru\/wp-json\/wp\/v2\/comments?post=6"}],"version-history":[{"count":3,"href":"https:\/\/orm-tr.com\/ru\/wp-json\/wp\/v2\/pages\/6\/revisions"}],"predecessor-version":[{"id":699,"href":"https:\/\/orm-tr.com\/ru\/wp-json\/wp\/v2\/pages\/6\/revisions\/699"}],"wp:attachment":[{"href":"https:\/\/orm-tr.com\/ru\/wp-json\/wp\/v2\/media?parent=6"}],"curies":[{"name":"wp","href":"https:\/\/api.w.org\/{rel}","templated":true}]}}