{"id":16,"date":"2018-09-14T09:26:39","date_gmt":"2018-09-14T06:26:39","guid":{"rendered":"http:\/\/orm-tr.com\/test\/?page_id=16"},"modified":"2018-09-27T14:34:24","modified_gmt":"2018-09-27T11:34:24","slug":"%d0%b8%d0%bd%d1%84%d0%be%d1%80%d0%bc%d0%b0%d1%86%d0%b8%d1%8f-%d0%be-%d0%ba%d0%be%d0%bc%d0%bf%d0%b0%d0%bd%d0%b8%d0%b8","status":"publish","type":"page","link":"https:\/\/orm-tr.com\/ru\/%d0%b8%d0%bd%d1%84%d0%be%d1%80%d0%bc%d0%b0%d1%86%d0%b8%d1%8f-%d0%be-%d0%ba%d0%be%d0%bc%d0%bf%d0%b0%d0%bd%d0%b8%d0%b8\/","title":{"rendered":"\u0418\u043d\u0444\u043e\u0440\u043c\u0430\u0446\u0438\u044f \u043e \u043a\u043e\u043c\u043f\u0430\u043d\u0438\u0438"},"content":{"rendered":"\r\n\r\n\t\t\t<div class=\"safir-list\">\r\n\t\t\t<\/p>\n<ul>\n<li><strong>\u043f\u0440\u043e\u0434\u0430\u0436 :<\/strong> Tersane Caddesi No:71 Karak\u00f6y &#8212; Beyo\u011flu \/ \u0130stanbul &#8212; TURKEY<\/li>\n<li><strong>\u0442\u0435\u043b\u0435\u0444\u043e\u043d :<\/strong>\u00a0+90 212 243 27 05 \/ +90 212 252 64 06 \/ +90 212 243 27 07\u00a0 <strong>\u0444\u0430\u043a\u0441\u00a0:<\/strong>\u00a0+90 212 244 58 66<\/li>\n<li><strong>\u0437\u0430\u0432\u043e\u0434 :<\/strong> Kervansaray Mahallesi 2004 Sokak No. 2 KIR\u015eEH\u0130R &#8212; TURKEY<\/li>\n<li><strong>\u0442\u0435\u043b\u0435\u0444\u043e\u043d :<\/strong>\u00a0+90 386 213 20 90 \/ +90 386 213 20 91 <strong>\u0444\u0430\u043a\u0441\u00a0:<\/strong>\u00a0+90 386 213 19 92<\/li>\n<\/ul>\n<p>\r\n\t\t\t<\/div>\r\n\r\n\t\t\n\r\n\r\n\t\t\t<div class=\"safir-list\">\r\n\t\t\t<\/p>\n<ul>\n<li><strong>\u0418\u043d\u0444\u043e\u0440\u043c\u0430\u0446\u0438\u044f \u043e \u0431\u0430\u043d\u043a\u0435<\/strong><\/li>\n<li><strong>\u0418\u043c\u044f \u0443\u0447\u0435\u0442\u043d\u043e\u0439 \u0437\u0430\u043f\u0438\u0441\u0438<\/strong> : ORALSAN MAK\u0130NE TAKIM SANAY\u0130 VE T\u0130CARET A.\u015e.<\/li>\n<li><strong>IBAN<\/strong> : TR44 0011 1000 0000 0062 2832 22<\/li>\n<li><strong>\u0411\u0410\u041d\u041a<\/strong> : QNB F\u0130NANSBANK<\/li>\n<\/ul>\n<p>\r\n\t\t\t<\/div>\r\n\r\n\t\t\n","protected":false},"excerpt":{"rendered":"","protected":false},"author":1,"featured_media":0,"parent":0,"menu_order":0,"comment_status":"closed","ping_status":"closed","template":"pages\/page-full.php","meta":[],"_links":{"self":[{"href":"https:\/\/orm-tr.com\/ru\/wp-json\/wp\/v2\/pages\/16"}],"collection":[{"href":"https:\/\/orm-tr.com\/ru\/wp-json\/wp\/v2\/pages"}],"about":[{"href":"https:\/\/orm-tr.com\/ru\/wp-json\/wp\/v2\/types\/page"}],"author":[{"embeddable":true,"href":"https:\/\/orm-tr.com\/ru\/wp-json\/wp\/v2\/users\/1"}],"replies":[{"embeddable":true,"href":"https:\/\/orm-tr.com\/ru\/wp-json\/wp\/v2\/comments?post=16"}],"version-history":[{"count":11,"href":"https:\/\/orm-tr.com\/ru\/wp-json\/wp\/v2\/pages\/16\/revisions"}],"predecessor-version":[{"id":563,"href":"https:\/\/orm-tr.com\/ru\/wp-json\/wp\/v2\/pages\/16\/revisions\/563"}],"wp:attachment":[{"href":"https:\/\/orm-tr.com\/ru\/wp-json\/wp\/v2\/media?parent=16"}],"curies":[{"name":"wp","href":"https:\/\/api.w.org\/{rel}","templated":true}]}}