{"id":16,"date":"2018-09-14T09:26:39","date_gmt":"2018-09-14T06:26:39","guid":{"rendered":"http:\/\/orm-tr.com\/test\/?page_id=16"},"modified":"2018-09-25T17:27:26","modified_gmt":"2018-09-25T14:27:26","slug":"company","status":"publish","type":"page","link":"https:\/\/orm-tr.com\/en\/company\/","title":{"rendered":"Company Information"},"content":{"rendered":"\r\n\r\n\t\t\t<div class=\"safir-list\">\r\n\t\t\t<\/p>\n<ul>\n<li><strong>Sales Office :<\/strong> Tersane Caddesi No:71 Karak\u00f6y &#8211; Beyo\u011flu \/ \u0130stanbul &#8211; TURKEY<\/li>\n<li><strong>Phone :<\/strong> +90 (212) 243 27 05 \/ +90 (212) 252 64 06 \/ +90 (212) 243 27 07 <strong>Fax :<\/strong> +90 (212) 244 58 66<\/li>\n<li><strong>Factory :<\/strong> Kervansaray Mahallesi 2004 Sokak No. 2 KIR\u015eEH\u0130R &#8211; TURKEY\n<p> <strong> Phone:<\/strong> +90 (386) 213 20 90 \/ +90 (386) 213 20 91 <strong>Fax :<\/strong> +90 (386) 213 19 92<\/li>\n<\/ul>\n<p>\r\n\t\t\t<\/div>\r\n\r\n\t\t\n\r\n\r\n\t\t\t<div class=\"safir-list\">\r\n\t\t\t<\/p>\n<ul>\n<li><strong>Bank Information<\/strong><\/li>\n<li>Account Name : ORALSAN MAK\u0130NE TAKIM SANAY\u0130 VE T\u0130CARET A.\u015e.<\/li>\n<li>IBAN : TR44 0011 1000 0000 0062 2832 22<\/li>\n<li>BRANCH : N\u0130\u015eANTA\u015eI<\/li>\n<li>BANK: QNB F\u0130NANSBANK<\/li>\n<\/ul>\n<p>\r\n\t\t\t<\/div>\r\n\r\n\t\t\n","protected":false},"excerpt":{"rendered":"","protected":false},"author":1,"featured_media":0,"parent":0,"menu_order":0,"comment_status":"closed","ping_status":"closed","template":"pages\/page-full.php","meta":[],"_links":{"self":[{"href":"https:\/\/orm-tr.com\/en\/wp-json\/wp\/v2\/pages\/16"}],"collection":[{"href":"https:\/\/orm-tr.com\/en\/wp-json\/wp\/v2\/pages"}],"about":[{"href":"https:\/\/orm-tr.com\/en\/wp-json\/wp\/v2\/types\/page"}],"author":[{"embeddable":true,"href":"https:\/\/orm-tr.com\/en\/wp-json\/wp\/v2\/users\/1"}],"replies":[{"embeddable":true,"href":"https:\/\/orm-tr.com\/en\/wp-json\/wp\/v2\/comments?post=16"}],"version-history":[{"count":18,"href":"https:\/\/orm-tr.com\/en\/wp-json\/wp\/v2\/pages\/16\/revisions"}],"predecessor-version":[{"id":762,"href":"https:\/\/orm-tr.com\/en\/wp-json\/wp\/v2\/pages\/16\/revisions\/762"}],"wp:attachment":[{"href":"https:\/\/orm-tr.com\/en\/wp-json\/wp\/v2\/media?parent=16"}],"curies":[{"name":"wp","href":"https:\/\/api.w.org\/{rel}","templated":true}]}}