{"id":12,"date":"2018-09-14T09:24:41","date_gmt":"2018-09-14T06:24:41","guid":{"rendered":"http:\/\/orm-tr.com\/test\/?page_id=12"},"modified":"2025-02-04T18:51:27","modified_gmt":"2025-02-04T15:51:27","slug":"about","status":"publish","type":"page","link":"https:\/\/orm-tr.com\/en\/about\/","title":{"rendered":"About"},"content":{"rendered":"<p>We are, ORALSAN CUTTING TOOLS COMPANY, one of the well-known precision tool<br \/>\nmanufacturer in Turkey. We have been in cutting tool business for 51 years since 1974 and we have<br \/>\nboth production and sales of HSS Drills, End-mills, Taps, Reamers and some other special tool<br \/>\napplications. Our factory is located in K\u0131r\u015fehir which is nearby to capital city Ankara and we have also<br \/>\na head office in Per\u015fembepazar\u0131-\u0130stanbul which is the center of cutting tool business trade in Turkey.<br \/>\nOralsan is a member of Mermerler Group which is mostly known in Automotive business and<br \/>\nalso in Shopping Mall, Tourism, Finance and Construction businesses. Mermerler Group is now<br \/>\nexclusive distributor of Chery Automotive of China and also distributor of Mazda Motor in Turkey<br \/>\nbetween 1985 and 2007.<br \/>\nAs Oralsan A.\u015e., we are manufacturing cutting tools through our advanced grinding<br \/>\ntechnology under our fully integrated hardening facility and fully equipped quality control laboratory.<br \/>\nThe products we are manufacturing by using HSS (High Speed Steel), HSS-E (CO-alloy high<br \/>\nspeed steel) as well as tungsten carbide raw materials are compatible with Turkish Standards<br \/>\nInstitute, German DIN Norm, as well as American and British Standards. Our company,<br \/>\nmanufacturing besides such Standard cutting tools like taps, milling cutters, reamers, turning and<br \/>\ncutting bars drills, custom-made special cutting tools as well for specific purposes, is in possession of<br \/>\nISO 9001: 2008 Quality Management System Certificate.<br \/>\nIn the Turkish market, automotive, white goods, machinery fabrication, metal works and<br \/>\ndefence sectors are the major areas where our products are utilized. Also amongst the production<br \/>\ntypes of specialization by our company are die and mould making used by all tyre plants<br \/>\nmanufacturing in Turkey (Goodyear, Brisa, Petlas, and such similar) and the mould makers, triple arm<br \/>\nplace boring drill bits used on Aluminium and PVC joinery machines, as well as bone drills and guides<br \/>\nrequired by the medical sectors manufacturing devices for the health sector.<br \/>\nOur Company is for many years ongoing with its exports to Germany and other countries in<br \/>\nEurope and The Middle East.<br \/>\nOur Company merging its young and dynamic staff under its many years of experience is<br \/>\nfollowing very closely the novelties in the machine tools sector, adopting as a priority of its<br \/>\noperations the principle of maximizing customer satisfaction with shortest possible lead times,<br \/>\nwithout making any concessions from its quality.<\/p>\n<p>Y\u00fcksel MERMER<br \/>\nMermerler Group<br \/>\nPresident<\/p>\n","protected":false},"excerpt":{"rendered":"<p>We are, ORALSAN CUTTING TOOLS COMPANY, one of the well-known precision tool manufacturer in Turkey. We have been in cutting tool business for 51 years since 1974 and we have both production and sales of HSS Drills, End-mills, Taps, Reamers and some other special tool applications. Our factory is located in K\u0131r\u015fehir which is nearby [&hellip;]<\/p>\n","protected":false},"author":1,"featured_media":0,"parent":0,"menu_order":0,"comment_status":"closed","ping_status":"closed","template":"pages\/page-full.php","meta":[],"_links":{"self":[{"href":"https:\/\/orm-tr.com\/en\/wp-json\/wp\/v2\/pages\/12"}],"collection":[{"href":"https:\/\/orm-tr.com\/en\/wp-json\/wp\/v2\/pages"}],"about":[{"href":"https:\/\/orm-tr.com\/en\/wp-json\/wp\/v2\/types\/page"}],"author":[{"embeddable":true,"href":"https:\/\/orm-tr.com\/en\/wp-json\/wp\/v2\/users\/1"}],"replies":[{"embeddable":true,"href":"https:\/\/orm-tr.com\/en\/wp-json\/wp\/v2\/comments?post=12"}],"version-history":[{"count":10,"href":"https:\/\/orm-tr.com\/en\/wp-json\/wp\/v2\/pages\/12\/revisions"}],"predecessor-version":[{"id":764,"href":"https:\/\/orm-tr.com\/en\/wp-json\/wp\/v2\/pages\/12\/revisions\/764"}],"wp:attachment":[{"href":"https:\/\/orm-tr.com\/en\/wp-json\/wp\/v2\/media?parent=12"}],"curies":[{"name":"wp","href":"https:\/\/api.w.org\/{rel}","templated":true}]}}